{"id":21,"date":"2015-12-25T15:51:57","date_gmt":"2015-12-25T06:51:57","guid":{"rendered":"https:\/\/www2.tagen.tohoku.ac.jp\/lab\/sato-taku\/?page_id=21"},"modified":"2018-11-12T14:55:46","modified_gmt":"2018-11-12T05:55:46","slug":"%e3%82%b9%e3%82%bf%e3%83%83%e3%83%95%e3%83%a1%e3%83%b3%e3%83%90%e3%83%bc%e7%b4%b9%e4%bb%8b%ef%bc%81","status":"publish","type":"page","link":"https:\/\/www2.tagen.tohoku.ac.jp\/lab\/sato_tj\/%e4%bd%90%e8%97%a4%e5%ae%b6%e3%81%ae%e6%97%a5%e5%b8%b8\/%e3%82%b9%e3%82%bf%e3%83%83%e3%83%95%e3%83%a1%e3%83%b3%e3%83%90%e3%83%bc%e7%b4%b9%e4%bb%8b%ef%bc%81\/","title":{"rendered":"\u30b9\u30bf\u30c3\u30d5\u30e1\u30f3\u30d0\u30fc\u7d39\u4ecb\uff01"},"content":{"rendered":"<h2>\u30b9\u30bf\u30c3\u30d5\u30e1\u30f3\u30d0\u30fc\u7d39\u4ecb\uff01<\/h2>\n<p>\u5b66\u751f\u306b\u7d9a\u3044\u3066\u30b9\u30bf\u30c3\u30d5\u306e\u30e1\u30f3\u30d0\u30fc\u7d39\u4ecb\u3082\u4f5c\u308a\u307e\u3057\u305f\uff01<\/p>\n<p>\u3069\u3046\u305e\uff01<\/p>\n<p>\u6559\u6388\u3000\u4f50\u85e4 \u5353<\/p>\n<p><img loading=\"lazy\" decoding=\"async\" src=\"http:\/\/www.tagen.tohoku.ac.jp\/uploads\/fckeditor\/user\/sensei.png\" alt=\"\" width=\"120\" height=\"84\" \/><\/p>\n<ul>\n<li>\u51fa\u8eab\uff1a\u5927\u962a\u306e\u30cf\u30a4\u30ec\u30d9\u30eb\u306a\u796d\u308a\u304c\u958b\u50ac\u3055\u308c\u308b\u3068\u3053\u308d<\/li>\n<li>\u597d\u304d\u306a\u98df\u3079\u3082\u306e\uff1a\u30d5\u30e9\u30f3\u30b9\u306e\u8fba\u5883\u306e\u3069\u3053\u304b\u306e\u6559\u4f1a\u3067\u98f2\u3081\u308b\u79d8\u8535\u306e\u30ef\u30a4\u30f3<\/li>\n<li>\u597d\u304d\u306a\u8a00\u8449\uff1aPartout c&#8217;est l&#8217;obscurit\u00e9 nous cherchons la v\u00e9rit\u00e9.<\/li>\n<li>\u6700\u8fd1\u306e\u8da3\u5473\uff1a\u5a18\u304c\u4e16\u8a71\u653e\u68c4\u3057\u305f\u30e1\u30c0\u30ab\u306e\u4e16\u8a71\u3092\u3059\u308b\u3053\u3068\u3001\u305d\u3057\u3066\u51fa\u5f35\u304b\u3089\u5e30\u3063\u3066\u304d\u305f\u3068\u304d\u306b\u30e1\u30c0\u30ab\u306e\u751f\u5b58\u3092\u78ba\u8a8d\u3059\u308b\u3053\u3068<\/li>\n<\/ul>\n<p>\u52a9\u6559\u3000\u5965\u5c71\u5927\u8f14<\/p>\n<p><img loading=\"lazy\" decoding=\"async\" src=\"http:\/\/www.tagen.tohoku.ac.jp\/uploads\/fckeditor\/user\/IMG_2708.JPG\" alt=\"\" width=\"120\" height=\"90\" \/><\/p>\n<ul>\n<li>\u51fa\u8eab\uff1a\u5927\u962a\u3068\u4eac\u90fd\u306e\u9593\u306e\u307b\u306e\u307c\u306e\u3057\u305f\u3068\u3053\u308d<\/li>\n<li>\u597d\u304d\u306a\u98df\u3079\u3082\u306e\uff1a \u80c3\u306b\u512a\u3057\u305d\u3046\u306a\u3082\u306e<\/li>\n<li>\u597d\u304d\u306a\u8a00\u8449\uff1a\u7720\u305f\u30fc\u3044\uff01\uff08\u6614\u898b\u305f\u304a\u7b11\u3044\u30c6\u30ec\u30d3\u756a\u7d44\u306e\u30cd\u30bf\u3089\u3057\u3044\u3002\u3053\u3061\u3089\u304c\u7720\u3044\u3068\u3044\u3046\u3068\u53cd\u5c04\u7684\u306b\u767a\u8a00\u3059\u308b\u3002\uff09<\/li>\n<li>\u6700\u8fd1\u306e\u8da3\u5473\uff1a\u6751\u4e0a\u6625\u6a39\u306e\u5c0f\u8aac\u304c\u6587\u5eab\u843d\u3061\u3059\u308b\u306e\u3092\u5f85\u3064\u3053\u3068<\/li>\n<\/ul>\n<p>\u30dd\u30b9\u30c9\u30af\u3000\u30e8\u30cf\u30cd\u30b9 \u30ec\u30a4\u30e0\uff082015\u5e7411\u6708\u306b\u7740\u4efb\u3055\u308c\u305f\u306e\u3067\u307e\u3060\u307e\u3060\u8b0e\u306b\u5305\u307e\u308c\u3066\u3044\u308b\u3002\uff09<\/p>\n<p><img loading=\"lazy\" decoding=\"async\" src=\"http:\/\/www.tagen.tohoku.ac.jp\/uploads\/fckeditor\/user\/IMG_8859.JPG\" alt=\"\" width=\"120\" height=\"80\" \/><\/p>\n<ul>\n<li>\u51fa\u8eab\uff1a\u30c9\u30a4\u30c4\u306e\u3069\u3053\u3067\u3059\u304b\u306d\uff1f<\/li>\n<li>\u597d\u304d\u306a\u98df\u3079\u3082\u306e\uff1a\u304a\u305d\u3089\u304f\u30d0\u30fc\u30e0\u30af\u30fc\u30d8\u30f3\u3068\u601d\u308f\u308c\u308b\u3002<\/li>\n<li>\u597d\u304d\u306a\u8a00\u8449\uff1a \u554f\u984c\u306a\u3044\uff01<\/li>\n<li>\u6700\u8fd1\u306e\u8da3\u5473\uff1a\u307e\u3060\u4e0d\u660e\u3001\u30b9\u30fc\u30c4\u30b1\u30fc\u30b9\uff12\u500b\u3068\u30ac\u30fc\u30eb\u30d5\u30ec\u30f3\u30c9\u3068\u4e00\u7dd2\u306b\u65e5\u672c\u306b\u3084\u3063\u3066\u304d\u305f\uff01\u30e9\u30fc\u30e1\u30f3\u304c\u597d\u304d\u3002<\/li>\n<\/ul>\n<p>\u79d8\u66f8\u3055\u3093\u3000\u7530\u5d0e\u4e9c\u5e0c\u5b50\uff08\u53f3\u4e0b\uff09<\/p>\n<p><img loading=\"lazy\" decoding=\"async\" src=\"http:\/\/www.tagen.tohoku.ac.jp\/uploads\/fckeditor\/user\/IMG_0885.JPG\" alt=\"\" width=\"120\" height=\"90\" \/><\/p>\n<ul>\n<li>\u51fa\u8eab\uff1a\u77f3\u5dfb\u306e\u733f\u306e\u898b\u4e16\u7269\u5c0f\u5c4b\u304c\u3042\u308b\u3068\u3053\u308d<\/li>\n<li>\u597d\u304d\u306a\u98df\u3079\u3082\u306e\uff1a\u3068\u306b\u304b\u304f\u304a\u9152\u3092\u6d74\u3073\u305b\u3066\u307b\u3057\u3044\u3089\u3057\u3044\u3002\u7981\u9152\u4e2d\u3089\u3057\u3044\u3067\u3059\u3002<\/li>\n<li>\u597d\u304d\u306a\u8a00\u8449\uff1a\u304a\u75b2\u308c\u3061\u3083\u3093\uff01<\/li>\n<li>\u6700\u8fd1\u306e\u8da3\u5473\uff1a\u98f2\u307f\u6b69\u304d\u3089\u3057\u3044\u3067\u3059\u3002\u3067\u304d\u308b\u79d8\u66f8\u3055\u3093\u3067\u3059\u3002<\/li>\n<\/ul>\n","protected":false},"excerpt":{"rendered":"<p>\u30b9\u30bf\u30c3\u30d5\u30e1\u30f3\u30d0\u30fc\u7d39\u4ecb\uff01 \u5b66\u751f\u306b\u7d9a\u3044\u3066\u30b9\u30bf\u30c3\u30d5\u306e\u30e1\u30f3\u30d0\u30fc\u7d39\u4ecb\u3082\u4f5c\u308a\u307e\u3057\u305f\uff01 \u3069\u3046\u305e\uff01 \u6559\u6388\u3000\u4f50\u85e4 \u5353 \u51fa\u8eab\uff1a\u5927\u962a\u306e\u30cf\u30a4\u30ec\u30d9\u30eb\u306a&#8230;<\/p>\n","protected":false},"author":1,"featured_media":0,"parent":47,"menu_order":0,"comment_status":"closed","ping_status":"closed","template":"","meta":{"footnotes":""},"class_list":["post-21","page","type-page","status-publish","hentry"],"_links":{"self":[{"href":"https:\/\/www2.tagen.tohoku.ac.jp\/lab\/sato_tj\/wp-json\/wp\/v2\/pages\/21","targetHints":{"allow":["GET"]}}],"collection":[{"href":"https:\/\/www2.tagen.tohoku.ac.jp\/lab\/sato_tj\/wp-json\/wp\/v2\/pages"}],"about":[{"href":"https:\/\/www2.tagen.tohoku.ac.jp\/lab\/sato_tj\/wp-json\/wp\/v2\/types\/page"}],"author":[{"embeddable":true,"href":"https:\/\/www2.tagen.tohoku.ac.jp\/lab\/sato_tj\/wp-json\/wp\/v2\/users\/1"}],"replies":[{"embeddable":true,"href":"https:\/\/www2.tagen.tohoku.ac.jp\/lab\/sato_tj\/wp-json\/wp\/v2\/comments?post=21"}],"version-history":[{"count":8,"href":"https:\/\/www2.tagen.tohoku.ac.jp\/lab\/sato_tj\/wp-json\/wp\/v2\/pages\/21\/revisions"}],"predecessor-version":[{"id":350,"href":"https:\/\/www2.tagen.tohoku.ac.jp\/lab\/sato_tj\/wp-json\/wp\/v2\/pages\/21\/revisions\/350"}],"up":[{"embeddable":true,"href":"https:\/\/www2.tagen.tohoku.ac.jp\/lab\/sato_tj\/wp-json\/wp\/v2\/pages\/47"}],"wp:attachment":[{"href":"https:\/\/www2.tagen.tohoku.ac.jp\/lab\/sato_tj\/wp-json\/wp\/v2\/media?parent=21"}],"curies":[{"name":"wp","href":"https:\/\/api.w.org\/{rel}","templated":true}]}}